{"id":32,"date":"2011-11-26T14:04:49","date_gmt":"2011-11-26T14:04:49","guid":{"rendered":"http:\/\/www.junetz.de\/?page_id=32"},"modified":"2024-09-30T19:03:56","modified_gmt":"2024-09-30T19:03:56","slug":"homepage-fur-einrichtungen-und-projekte","status":"publish","type":"page","link":"http:\/\/www.junetz.de\/","title":{"rendered":"Was bietet das JuNetz"},"content":{"rendered":"\n<figure class=\"wp-block-image\"><a href=\"http:\/\/www.junetz.de\/wp-content\/uploads\/2012\/11\/JunetzLogo2013-80x80.jpg\"><img decoding=\"async\" loading=\"lazy\" width=\"200\" height=\"200\" src=\"http:\/\/www.junetz.de\/wp-content\/uploads\/2012\/11\/JunetzLogo2013-80x80.jpg\" alt=\"JuNetz Logo 80x80\" class=\"wp-image-427\" srcset=\"http:\/\/www.junetz.de\/wp-content\/uploads\/2012\/11\/JunetzLogo2013-80x80.jpg 200w, http:\/\/www.junetz.de\/wp-content\/uploads\/2012\/11\/JunetzLogo2013-80x80-150x150.jpg 150w\" sizes=\"(max-width: 200px) 100vw, 200px\" \/><\/a><\/figure>\n\n\n\n<p class=\"has-text-align-center\">Leider k\u00f6nnen wir das JuNetz in seiner bisherigen Form ab sofort nicht weiter betreiben. Dazu z\u00e4hlt insbesondere der Betrieb und Erhalt der WorbPress-Homepages.<\/p>\n\n\n\n<p class=\"has-luminous-vivid-amber-background-color has-background\" style=\"font-size:18px\"><strong>Hinweis: Die Einrichtung einer neuen Word-Press Homepage mit Blog ist auf junetz.de ist nicht mehr m\u00f6glich!<\/strong> Dieser Sevice wird auch zuk\u00fcnftig von junetz.de nicht wieder angeboten werden. <br><br><strong>Stand 30.9.2024<\/strong><br>Bestehende WordPress-Seiten f\u00fcr den Bereich Offenbach werden aktuell ersatzlos gel\u00f6scht. Fragen dazu einfach an blogadm@junetz.de. <\/p>\n\n\n\n<p class=\"has-text-align-center\" style=\"text-decoration:line-through\"><strong><strong>Kostenlose&nbsp; Word-Press Homepage mit BLOG <\/strong><\/strong><\/p>\n\n\n\n<p><strong>Was ist das JuNetz?<\/strong><br>Das JuNetz\u00a0 ist ein regionales soziales Netzwerk zur interaktiven Information und Kommunikation unter Jugendlichen. <s>Jugendeinrichtungen, Jugendgruppen, Schulen, Schulklassen,\u00a0 Jugendprojekte und einzelne Jugendliche aus Frankfurt und Offenbach und angrenzenden St\u00e4dten k\u00f6nnen sich auf dem Server des JuNetz kostenlos einen Blog (Homepage) einrichten. Ein so eingerichteter Nutzer-Blog erh\u00e4lt eine Adresse im Format <a href=\"http:\/\/www.NamedeinerWahl.junetz.de\">www.NamedesBlogs.junetz.de<\/a>.<\/s><\/p>\n\n\n\n<p><s>Jeder Blog-Nutzer kann seinen Blog eigenverantwortlich gestalten. Wir stellen daf\u00fcr das Blog und ContentManagementSystem (CMS) WordPress kostenlos zur Verf\u00fcgung. Jeder Nutzer hat dabei die vollen Rechte an seinen Inhalten. Das JuNetz erhebt keinen Anspruch auf diese Daten, vermarktet sie nicht und gibt diese auch keinesfalls weiter.<\/s><\/p>\n\n\n\n<p><s>Um diese beschriebenen Leistungen zu gew\u00e4hrleisten betreibt das Jugendnetz Frankfurt-Offenbach einen eigenen Server und gew\u00e4hrleistet dadurch auch den Nutzern volle Datensouver\u00e4nit\u00e4t .<\/s><\/p>\n\n\n\n<p><a title=\"Nutzungsbedingungen\" href=\"http:\/\/www.junetz.de\/?page_id=348\">Nutzungsbedingungen<\/a> &#8211; Anmeldung &#8211; <a class=\"smcf-link\" href=\"\/contact\">Kontakt zum JuNetz<\/a><\/p>\n","protected":false},"excerpt":{"rendered":"<p>Leider k\u00f6nnen wir das JuNetz in seiner bisherigen Form ab sofort nicht weiter betreiben. Dazu z\u00e4hlt insbesondere der Betrieb und Erhalt der WorbPress-Homepages. Hinweis: Die Einrichtung einer neuen Word-Press Homepage mit Blog ist auf junetz.de ist nicht mehr m\u00f6glich! Dieser &hellip; <a href=\"http:\/\/www.junetz.de\/\">Continue reading <span class=\"meta-nav\">&rarr;<\/span><\/a><\/p>\n","protected":false},"author":1,"featured_media":0,"parent":0,"menu_order":0,"comment_status":"closed","ping_status":"open","template":"","meta":[],"_links":{"self":[{"href":"http:\/\/www.junetz.de\/wp-json\/wp\/v2\/pages\/32"}],"collection":[{"href":"http:\/\/www.junetz.de\/wp-json\/wp\/v2\/pages"}],"about":[{"href":"http:\/\/www.junetz.de\/wp-json\/wp\/v2\/types\/page"}],"author":[{"embeddable":true,"href":"http:\/\/www.junetz.de\/wp-json\/wp\/v2\/users\/1"}],"replies":[{"embeddable":true,"href":"http:\/\/www.junetz.de\/wp-json\/wp\/v2\/comments?post=32"}],"version-history":[{"count":19,"href":"http:\/\/www.junetz.de\/wp-json\/wp\/v2\/pages\/32\/revisions"}],"predecessor-version":[{"id":2159,"href":"http:\/\/www.junetz.de\/wp-json\/wp\/v2\/pages\/32\/revisions\/2159"}],"wp:attachment":[{"href":"http:\/\/www.junetz.de\/wp-json\/wp\/v2\/media?parent=32"}],"curies":[{"name":"wp","href":"https:\/\/api.w.org\/{rel}","templated":true}]}}